{"id":177,"date":"2026-04-29T10:37:07","date_gmt":"2026-04-29T08:37:07","guid":{"rendered":"https:\/\/okularymarket.pl\/?page_id=177"},"modified":"2026-05-01T10:44:09","modified_gmt":"2026-05-01T08:44:09","slug":"strona-glowna","status":"publish","type":"page","link":"https:\/\/okularymarket.pl\/en\/","title":{"rendered":"Strona g\u0142\u00f3wna"},"content":{"rendered":"<div data-elementor-type=\"wp-page\" data-elementor-id=\"177\" class=\"elementor elementor-177\">\n\t\t\t\t<div class=\"elementor-element elementor-element-52e28e0 e-flex e-con-boxed e-con e-parent\" data-id=\"52e28e0\" data-element_type=\"container\" data-e-type=\"container\">\n\t\t\t\t\t<div class=\"e-con-inner\">\n\t\t\t\t\t\t\t<h1 \n\t\tdata-interaction-id=\"06fd60b\" \n\t\tclass=\"e-06fd60b-1ca3698 e-heading-base\" \n\t\t \n\t\t\n\t>\n\t\n\t\t\tNowoczesny portal dla os\u00f3b zainteresowanych okularami\n\t\t<\/h1>\n\t\t\t\t<div class=\"elementor-element elementor-element-ce2171d elementor-widget elementor-widget-elementskit-blog-posts\" data-id=\"ce2171d\" data-element_type=\"widget\" data-e-type=\"widget\" data-widget_type=\"elementskit-blog-posts.default\">\n\t\t\t\t\t<div class=\"ekit-wid-con\" >        <div id=\"post-items--ce2171d\" class=\"row post-items\">\n                    <div class=\"col-md-12\">\n\n                                    <div class=\"elementskit-blog-block-post\">\n                        <div class=\"row no-gutters\">\n                                                            <div class=\"col-md-6 order-1\">\n                                    <a href=\"https:\/\/okularymarket.pl\/en\/tanie-okulary-damskie-ktore-wygladaja-luksusowo\/\" class=\"elementskit-entry-thumb\">\n                                        <img decoding=\"async\" src=\"https:\/\/okularymarket.pl\/wp-content\/uploads\/2026\/05\/tanie-okulary-damskie-luksusowy-wyglad-1024x683.png\" alt=\"Tanie okulary damskie, kt\u00f3re wygl\u0105daj\u0105 luksusowo\">\n                                    <\/a><!-- .elementskit-entry-thumb END -->\n                                <\/div>\n                            \n                            <div class=\"col-md-6 order-2\">\n                                <div class=\"elementskit-post-body\">\n                                    <div class=\"elementskit-entry-header\">\n                                        \n                                                                                            \t\t\t\t\t\t\t\t\t\t\t<div class=\"post-meta-list\">\n\t\t\t\t\t\t\t\t\t\t\t\t\t\t\t\t\t\t\t\t\t\t\t\t\t\t\t\t\t\t\t\t\t\t\t\t\t\t\t\t<span class=\"post-cat\">\n\t\t\t\t\t\t\t\t\t\t<i aria-hidden=\"true\" class=\"icon icon-folder\"><\/i>\t\t\t\t\t\t\t\t\t\t<a href=\"https:\/\/okularymarket.pl\/en\/category\/blog\/okulary-damskie\/\" rel=\"category tag\">Okulary damskie<\/a>\t\t\t\t\t\t\t\t\t<\/span>\n\t\t\t\t\t\t\t\t\t\t\t\t\t\t\t\t\t\t\t\t\t\t\t\t\t\t\t\t\t<\/div>\n\t\t\t\t\t                                            \n                                            \n                                                                                            \t\t\t\t<h2 class=\"entry-title\">\n\t\t\t\t\t<a href=\"https:\/\/okularymarket.pl\/en\/tanie-okulary-damskie-ktore-wygladaja-luksusowo\/\">\n\t\t\t\t\t\tTanie okulary damskie, kt\u00f3re wygl\u0105daj\u0105 luksusowo\t\t\t\t\t<\/a>\n\t\t\t\t<\/h2>\n\t\t\t                                                                                <\/div><!-- .elementskit-entry-header END -->\n\n                                                                            <div class=\"elementskit-post-footer\">\n                                                                                            <p>Stylowe okulary nie musz\u0105 kosztowa\u0107 fortuny. Sprawd\u017a, jak wybra\u0107 tanie okulary damskie, kt\u00f3re wygl\u0105daj\u0105 luksusowo, jakie fasony s\u0105 modne w 2026 roku oraz kt\u00f3re oprawki najlepiej podkre\u015blaj\u0105 rysy twarzy i pasuj\u0105 do codziennych oraz eleganckich stylizacji.<\/p>\n                                                                                                                                <\/div><!-- .elementskit-post-footer END -->\n                                                                    <\/div><!-- .elementskit-post-body END -->\n                            <\/div>\n                        <\/div>\n                    <\/div><!-- .elementskit-blog-block-post .radius .gradient-bg END -->\n                \n            <\/div>\n                    <div class=\"col-md-12\">\n\n                                    <div class=\"elementskit-blog-block-post\">\n                        <div class=\"row no-gutters\">\n                                                            <div class=\"col-md-6 order-1\">\n                                    <a href=\"https:\/\/okularymarket.pl\/en\/okulary-polaryzacyjne-do-jazdy-na-rowerze\/\" class=\"elementskit-entry-thumb\">\n                                        <img decoding=\"async\" src=\"https:\/\/okularymarket.pl\/wp-content\/uploads\/2026\/05\/Okulary-polaryzacyjne-do-jazdy-na-rowerze-\u2013-komfort-i-ochrona-UV400-1024x683.png\" alt=\"Okulary polaryzacyjne do jazdy na rowerze\">\n                                    <\/a><!-- .elementskit-entry-thumb END -->\n                                <\/div>\n                            \n                            <div class=\"col-md-6 order-2\">\n                                <div class=\"elementskit-post-body\">\n                                    <div class=\"elementskit-entry-header\">\n                                        \n                                                                                            \t\t\t\t\t\t\t\t\t\t\t<div class=\"post-meta-list\">\n\t\t\t\t\t\t\t\t\t\t\t\t\t\t\t\t\t\t\t\t\t\t\t\t\t\t\t\t\t\t\t\t\t\t\t\t\t\t\t\t<span class=\"post-cat\">\n\t\t\t\t\t\t\t\t\t\t<i aria-hidden=\"true\" class=\"icon icon-folder\"><\/i>\t\t\t\t\t\t\t\t\t\t<a href=\"https:\/\/okularymarket.pl\/en\/category\/blog\/okulary-polaryzacyjne\/\" rel=\"category tag\">Okulary polaryzacyjne<\/a>\t\t\t\t\t\t\t\t\t<\/span>\n\t\t\t\t\t\t\t\t\t\t\t\t\t\t\t\t\t\t\t\t\t\t\t\t\t\t\t\t\t<\/div>\n\t\t\t\t\t                                            \n                                            \n                                                                                            \t\t\t\t<h2 class=\"entry-title\">\n\t\t\t\t\t<a href=\"https:\/\/okularymarket.pl\/en\/okulary-polaryzacyjne-do-jazdy-na-rowerze\/\">\n\t\t\t\t\t\tOkulary polaryzacyjne do jazdy na rowerze\t\t\t\t\t<\/a>\n\t\t\t\t<\/h2>\n\t\t\t                                                                                <\/div><!-- .elementskit-entry-header END -->\n\n                                                                            <div class=\"elementskit-post-footer\">\n                                                                                            <p>Jazda rowerem w pe\u0142nym s\u0142o\u0144cu potrafi mocno zm\u0119czy\u0107 wzrok \u2014 szczeg\u00f3lnie gdy odblaski odbijaj\u0105 si\u0119 od asfaltu, szyb samochod\u00f3w i mokrej nawierzchni. Sprawd\u017a, jak dzia\u0142aj\u0105 okulary polaryzacyjne do jazdy na rowerze, dlaczego filtr UV400 jest tak wa\u017cny oraz jakie modele najlepiej sprawdzaj\u0105 si\u0119 podczas codziennej jazdy i aktywno\u015bci sportowej.<\/p>\n                                                                                                                                <\/div><!-- .elementskit-post-footer END -->\n                                                                    <\/div><!-- .elementskit-post-body END -->\n                            <\/div>\n                        <\/div>\n                    <\/div><!-- .elementskit-blog-block-post .radius .gradient-bg END -->\n                \n            <\/div>\n                    <div class=\"col-md-12\">\n\n                                    <div class=\"elementskit-blog-block-post\">\n                        <div class=\"row no-gutters\">\n                                                            <div class=\"col-md-6 order-1\">\n                                    <a href=\"https:\/\/okularymarket.pl\/en\/czy-dzieci-powinny-nosic-okulary-przeciwsloneczne\/\" class=\"elementskit-entry-thumb\">\n                                        <img decoding=\"async\" src=\"https:\/\/okularymarket.pl\/wp-content\/uploads\/2026\/05\/Dziecko-w-okularach-przeciwslonecznych-na-plazy-\u2013-ochrona-oczu-dzieci-1024x683.png\" alt=\"Czy dzieci powinny nosi\u0107 okulary przeciws\u0142oneczne\">\n                                    <\/a><!-- .elementskit-entry-thumb END -->\n                                <\/div>\n                            \n                            <div class=\"col-md-6 order-2\">\n                                <div class=\"elementskit-post-body\">\n                                    <div class=\"elementskit-entry-header\">\n                                        \n                                                                                            \t\t\t\t\t\t\t\t\t\t\t<div class=\"post-meta-list\">\n\t\t\t\t\t\t\t\t\t\t\t\t\t\t\t\t\t\t\t\t\t\t\t\t\t\t\t\t\t\t\t\t\t\t\t\t\t\t\t\t<span class=\"post-cat\">\n\t\t\t\t\t\t\t\t\t\t<i aria-hidden=\"true\" class=\"icon icon-folder\"><\/i>\t\t\t\t\t\t\t\t\t\t<a href=\"https:\/\/okularymarket.pl\/en\/category\/blog\/okulary-przeciwsloneczne\/\" rel=\"category tag\">Okulary przeciws\u0142oneczne<\/a>\t\t\t\t\t\t\t\t\t<\/span>\n\t\t\t\t\t\t\t\t\t\t\t\t\t\t\t\t\t\t\t\t\t\t\t\t\t\t\t\t\t<\/div>\n\t\t\t\t\t                                            \n                                            \n                                                                                            \t\t\t\t<h2 class=\"entry-title\">\n\t\t\t\t\t<a href=\"https:\/\/okularymarket.pl\/en\/czy-dzieci-powinny-nosic-okulary-przeciwsloneczne\/\">\n\t\t\t\t\t\tCzy dzieci powinny nosi\u0107 okulary przeciws\u0142oneczne\t\t\t\t\t<\/a>\n\t\t\t\t<\/h2>\n\t\t\t                                                                                <\/div><!-- .elementskit-entry-header END -->\n\n                                                                            <div class=\"elementskit-post-footer\">\n                                                                                            <p>Dlaczego ochrona oczu dziecka przed s\u0142o\u0144cem jest wa\u017cna i jak rozs\u0105dnie wybiera\u0107 okulary dzieci\u0119ce.<\/p>\n                                                                                                                                <\/div><!-- .elementskit-post-footer END -->\n                                                                    <\/div><!-- .elementskit-post-body END -->\n                            <\/div>\n                        <\/div>\n                    <\/div><!-- .elementskit-blog-block-post .radius .gradient-bg END -->\n                \n            <\/div>\n                <\/div>\n       <\/div>\t\t\t\t<\/div>\n\t\t\t\t\t<\/div>\n\t\t\t\t<\/div>\n\t\t\t\t<\/div>","protected":false},"excerpt":{"rendered":"<p>Nowoczesny portal dla os\u00f3b zainteresowanych okularami Dla sklep\u00f3w \/ biznes Jak wybra\u0107 dostawc\u0119 okular\u00f3w do sklepu Wyb\u00f3r dostawcy okular\u00f3w to decyzja, kt\u00f3ra mo\u017ce zadecydowa\u0107 o sukcesie lub stagnacji Twojego sklepu. Niska cena cz\u0119sto kusi, ale to jako\u015b\u0107, rotacja produkt\u00f3w i stabilno\u015b\u0107 wsp\u00f3\u0142pracy buduj\u0105 realny zysk. Sprawd\u017a, jak wybra\u0107 dostawc\u0119, kt\u00f3ry nie tylko dostarcza towar, ale realnie wspiera rozw\u00f3j Twojego biznesu. [&hellip;]<\/p>\n","protected":false},"author":1,"featured_media":0,"parent":0,"menu_order":0,"comment_status":"closed","ping_status":"closed","template":"elementor_header_footer","meta":{"footnotes":""},"class_list":["post-177","page","type-page","status-publish","hentry"],"_links":{"self":[{"href":"https:\/\/okularymarket.pl\/en\/wp-json\/wp\/v2\/pages\/177","targetHints":{"allow":["GET"]}}],"collection":[{"href":"https:\/\/okularymarket.pl\/en\/wp-json\/wp\/v2\/pages"}],"about":[{"href":"https:\/\/okularymarket.pl\/en\/wp-json\/wp\/v2\/types\/page"}],"author":[{"embeddable":true,"href":"https:\/\/okularymarket.pl\/en\/wp-json\/wp\/v2\/users\/1"}],"replies":[{"embeddable":true,"href":"https:\/\/okularymarket.pl\/en\/wp-json\/wp\/v2\/comments?post=177"}],"version-history":[{"count":7,"href":"https:\/\/okularymarket.pl\/en\/wp-json\/wp\/v2\/pages\/177\/revisions"}],"predecessor-version":[{"id":1527,"href":"https:\/\/okularymarket.pl\/en\/wp-json\/wp\/v2\/pages\/177\/revisions\/1527"}],"wp:attachment":[{"href":"https:\/\/okularymarket.pl\/en\/wp-json\/wp\/v2\/media?parent=177"}],"curies":[{"name":"wp","href":"https:\/\/api.w.org\/{rel}","templated":true}]}}